{"id":2602,"date":"2023-12-15T16:39:46","date_gmt":"2023-12-15T13:39:46","guid":{"rendered":"https:\/\/elei.com.tr\/elei\/?page_id=2602"},"modified":"2024-01-04T12:13:35","modified_gmt":"2024-01-04T09:13:35","slug":"neo-2-cnc-hidrolik-abkant-pres","status":"publish","type":"page","link":"https:\/\/elei.com.tr\/elei\/neo-2-cnc-hidrolik-abkant-pres\/","title":{"rendered":"NEO 2 CNC H\u0130DROL\u0130K ABKANT PRES"},"content":{"rendered":"\t\t<div data-elementor-type=\"wp-page\" data-elementor-id=\"2602\" class=\"elementor elementor-2602\" data-elementor-post-type=\"page\">\n\t\t\t\t\t\t\t\t\t<section class=\"elementor-section elementor-top-section elementor-element elementor-element-65aa3976 elementor-section-height-min-height elementor-section-full_width elementor-section-content-bottom elementor-section-height-default elementor-section-items-middle\" data-id=\"65aa3976\" data-element_type=\"section\" data-settings=\"{&quot;background_background&quot;:&quot;classic&quot;}\">\n\t\t\t\t\t\t<div class=\"elementor-container elementor-column-gap-default\">\n\t\t\t\t\t<div class=\"elementor-column elementor-col-100 elementor-top-column elementor-element elementor-element-524b84b9\" data-id=\"524b84b9\" data-element_type=\"column\">\n\t\t\t<div class=\"elementor-widget-wrap elementor-element-populated\">\n\t\t\t\t\t\t\t\t<div class=\"elementor-element elementor-element-49b405c0 elementor-hidden-mobile elementor-invisible elementor-widget elementor-widget-heading\" data-id=\"49b405c0\" data-element_type=\"widget\" data-settings=\"{&quot;_animation&quot;:&quot;fadeInLeft&quot;}\" data-widget_type=\"heading.default\">\n\t\t\t\t<div class=\"elementor-widget-container\">\n\t\t\t<style>\/*! elementor - v3.17.0 - 01-11-2023 *\/\n.elementor-heading-title{padding:0;margin:0;line-height:1}.elementor-widget-heading .elementor-heading-title[class*=elementor-size-]>a{color:inherit;font-size:inherit;line-height:inherit}.elementor-widget-heading .elementor-heading-title.elementor-size-small{font-size:15px}.elementor-widget-heading .elementor-heading-title.elementor-size-medium{font-size:19px}.elementor-widget-heading .elementor-heading-title.elementor-size-large{font-size:29px}.elementor-widget-heading .elementor-heading-title.elementor-size-xl{font-size:39px}.elementor-widget-heading .elementor-heading-title.elementor-size-xxl{font-size:59px}<\/style><h1 class=\"elementor-heading-title elementor-size-default\">NEO 2<br>CNC H\u0130DROL\u0130K<br>ABKANT PRES<\/h1>\t\t<\/div>\n\t\t\t\t<\/div>\n\t\t\t\t\t<\/div>\n\t\t<\/div>\n\t\t\t\t\t\t\t<\/div>\n\t\t<\/section>\n\t\t\t\t<section class=\"elementor-section elementor-top-section elementor-element elementor-element-43f81a13 elementor-section-content-middle elementor-section-boxed elementor-section-height-default elementor-section-height-default\" data-id=\"43f81a13\" data-element_type=\"section\">\n\t\t\t\t\t\t<div class=\"elementor-container elementor-column-gap-default\">\n\t\t\t\t\t<div class=\"elementor-column elementor-col-100 elementor-top-column elementor-element elementor-element-3545b1b elementor-invisible\" data-id=\"3545b1b\" data-element_type=\"column\" data-settings=\"{&quot;animation&quot;:&quot;fadeInLeft&quot;}\">\n\t\t\t<div class=\"elementor-widget-wrap elementor-element-populated\">\n\t\t\t\t\t\t\t\t<div class=\"elementor-element elementor-element-65e2e5d elementor-hidden-desktop elementor-hidden-tablet elementor-invisible elementor-widget elementor-widget-heading\" data-id=\"65e2e5d\" data-element_type=\"widget\" data-settings=\"{&quot;_animation&quot;:&quot;fadeInLeft&quot;}\" data-widget_type=\"heading.default\">\n\t\t\t\t<div class=\"elementor-widget-container\">\n\t\t\t<h1 class=\"elementor-heading-title elementor-size-default\">NEO 1 CNC H\u0130DROL\u0130K ABKANT PRES<\/h1>\t\t<\/div>\n\t\t\t\t<\/div>\n\t\t\t\t<div class=\"elementor-element elementor-element-0e19982 elementor-widget elementor-widget-elementskit-simple-tab\" data-id=\"0e19982\" data-element_type=\"widget\" data-widget_type=\"elementskit-simple-tab.default\">\n\t\t\t\t<div class=\"elementor-widget-container\">\n\t\t\t<div class=\"ekit-wid-con\" >        <div class=\"elementkit-tab-wraper  \">\n            <ul class=\"nav nav-tabs elementkit-tab-nav  elementskit-fullwidth-tab\">\n                                    <li class=\"elementkit-nav-item elementor-repeater-item-f8089ae\">\n                        <a class=\"elementkit-nav-link  active show left-pos\" id=\"content-f8089ae69d0a5e7c0c18-tab\" data-ekit-handler-id=\"genel-zell-kler\" data-ekit-toggle=\"tab\" data-target=\"#content-f8089ae69d0a5e7c0c18\" href=\"#Content-f8089ae69d0a5e7c0c18\"\n                            data-ekit-toggle-trigger=\"click\"\n                            aria-describedby=\"Content-f8089ae69d0a5e7c0c18\">\n                            <span class=\"icon icon-chevron-down elementskit-tab-icon\"><\/span>                            <span class=\"elementskit-tab-title\"> GENEL \u00d6ZELL\u0130KLER<\/span>\n                        <\/a>\n                    <\/li>\n                                        <li class=\"elementkit-nav-item elementor-repeater-item-b8ce409\">\n                        <a class=\"elementkit-nav-link  left-pos\" id=\"content-b8ce40969d0a5e7c0c18-tab\" data-ekit-handler-id=\"standart-zell-kler\" data-ekit-toggle=\"tab\" data-target=\"#content-b8ce40969d0a5e7c0c18\" href=\"#Content-b8ce40969d0a5e7c0c18\"\n                            data-ekit-toggle-trigger=\"click\"\n                            aria-describedby=\"Content-b8ce40969d0a5e7c0c18\">\n                            <span class=\"icon icon-chevron-down elementskit-tab-icon\"><\/span>                            <span class=\"elementskit-tab-title\"> STANDART \u00d6ZELL\u0130KLER<\/span>\n                        <\/a>\n                    <\/li>\n                                        <li class=\"elementkit-nav-item elementor-repeater-item-ecea635\">\n                        <a class=\"elementkit-nav-link  left-pos\" id=\"content-ecea63569d0a5e7c0c18-tab\" data-ekit-handler-id=\"ops-yonel-ek-pmanlar\" data-ekit-toggle=\"tab\" data-target=\"#content-ecea63569d0a5e7c0c18\" href=\"#Content-ecea63569d0a5e7c0c18\"\n                            data-ekit-toggle-trigger=\"click\"\n                            aria-describedby=\"Content-ecea63569d0a5e7c0c18\">\n                            <span class=\"icon icon-chevron-down elementskit-tab-icon\"><\/span>                            <span class=\"elementskit-tab-title\"> OPS\u0130YONEL EK\u0130PMANLAR<\/span>\n                        <\/a>\n                    <\/li>\n                                <\/ul>\n\n            <div class=\"tab-content elementkit-tab-content\">\n                                    <div class=\"tab-pane elementkit-tab-pane elementor-repeater-item-f8089ae  active show\" id=\"content-f8089ae69d0a5e7c0c18\" role=\"tabpanel\"\n                         aria-labelledby=\"content-f8089ae69d0a5e7c0c18-tab\">\n                        <div class=\"animated fadeIn\">\n                            <ul><li>Model B Abkant Pres 3 eksen (Y1, Y2, X+R Manuel), maksimum 4 eksene (Y1, Y2, X, R) veya 6 eksene (Y1, Y2, X+R, Z1+Z2 ) kadar imal edilir.<\/li><li>Model B Standart Kontrol \u00fcniteleri grafik ekranl\u0131 (2D) Cybelec Touch8 veya ESA 630<\/li><li>Kaynakl\u0131 \u00e7elik g\u00f6vde , sertifikal\u0131 Avrupa \u00fcretimli malzemeden \u00fcretilip, statik ve dinamik analizlere ba\u011fl\u0131 olarak en az sehim ve esnemeye g\u00f6re tasarlan\u0131p \u00fcretilmektedir.<\/li><li>\u00c7elik G\u00f6vde modern ileri teknoloji CNC i\u015fleme merkezlerinde uygun standartlarda i\u015flenmektedir.<\/li><li>Hidrolik silindirler ve pistonlar ELEI \u00fcretim alan\u0131nda, hassas olarak i\u015flenmekte ve honlanmaktad\u0131r, Pistonlar d\u00f6v\u00fclm\u00fc\u015f \u00e7elikten i\u015flenip sertle\u015ftirilmi\u015f, ta\u015flanm\u0131\u015f, krom kaplanm\u0131\u015ft\u0131r. Mikro polisaj yap\u0131larak uzun y\u0131llar sorunsuz \u00e7al\u0131\u015fmas\u0131 sa\u011flanm\u0131\u015ft\u0131r.<\/li><li>Hidrolik bloklar ve valfler Almanya\u2019da \u00fcretilen orijinal, s\u00fcrekli hassas ve y\u00fcksek performansl\u0131 \u00e7al\u0131\u015fmaya uygun tiptedir.<\/li><li>ELEI Abkant Pres \u00f6zel tip hidrolik pompa ile d\u00fc\u015f\u00fck ve y\u00fcksek bas\u0131n\u00e7da y\u00fcksek verimlilik sa\u011flanmaktad\u0131r.<\/li><li>D\u00fc\u015f\u00fck elektrik t\u00fcketimli \u00f6zel hidrolik devre ve hidrolik ekipmanlar ile i\u015fletme maliyetlerinizi d\u00fc\u015f\u00fcr\u00fcr.<\/li><li>Otomatik referans indeks alma \u00f6zelli\u011fi ile tekrarlanabilirlik kabiliyeti<\/li><li>B\u00fckme tonaj\u0131n\u0131 malzeme kal\u0131nl\u0131\u011f\u0131 malzeme tipi ve alt kal\u0131ba g\u00f6re otomatik hesaplama ve uygulama, ayn\u0131 zamanda tak\u0131m ve makine emniyetini hesaplama \u00f6zelli\u011fi<\/li><li>Kurs- Strok ayarlama \u00f6zelli\u011fi ile zaman ve enerji tasarrufu, geri \u00e7ekilme otomatik ayar \u00f6zelli\u011fi ile kolay ve rahat b\u00fck\u00fcm<\/li><li>Programlanabilir B\u00fckme h\u0131z\u0131 geri d\u00f6n\u00fc\u015f h\u0131z\u0131 ayar\u0131 inc eve kal\u0131n malzemeler i\u00e7in farkl\u0131 \u00e7al\u0131\u015fma modlar\u0131.<\/li><li>Geni\u015f haf\u0131za ile t\u00fcm programlar\u0131 tak\u0131mlar\u0131 kaydetme ve farkl\u0131 kriterler ile arama tak\u0131m malzeme bazl\u0131 arama \u00f6zelli\u011fi<\/li><li>3 farkl\u0131 \u00e7al\u0131\u015fma modu, tam otomatik , yar\u0131 otomatik ,manuel.<\/li><li>Elektronik A\u015f\u0131r\u0131 y\u00fck koruma \u00f6zelli\u011fi<\/li><li>Hidrolik maksimum bas\u0131n\u00e7 koruma emniyet valf grubu<\/li><li>Kal\u0131nl\u0131k malzeme tipi ve tak\u0131mlara g\u00f6re Geli\u015ftirilmi\u015f Otomatik B\u00fck\u00fclmemi\u015f sac boyu hesaplanmas\u0131<\/li><li>Wila opsiyonel manuel veya motorlu bombeleme sistemi<\/li><li>\u00a0<\/li><\/ul>                        <\/div>\n                    <\/div>\n                                    <div class=\"tab-pane elementkit-tab-pane elementor-repeater-item-b8ce409 \" id=\"content-b8ce40969d0a5e7c0c18\" role=\"tabpanel\"\n                         aria-labelledby=\"content-b8ce40969d0a5e7c0c18-tab\">\n                        <div class=\"animated fadeIn\">\n                            <ul><li>3 Eksen: Y1, Y2, X + (R manuel) eksen<\/li><li>Y\u00fcksek Strok (Kurs) 260mm<\/li><li>Geni\u015f B\u00fcy\u00fck Bo\u011faz 400 mm<\/li><li>CNC kontrol\u00f6r ESA630 veya Cybelec T8<\/li><li>Offline yaz\u0131l\u0131m<\/li><li>\u00d6zel y\u00fcksek verimli pompa ile d\u00fc\u015f\u00fck elektrik t\u00fcketimi<\/li><li>Orijinal Hoerbiger veya Bosch Rexroth komple Almanyada i\u015flenmi\u015f temizlenmi\u015f ve m\u00fch\u00fcrlenmi\u015f CE normlar\u0131na uygun hidrolik blok sistemi<\/li><li>Siemens \u2013 Schneider elektrik malzemeleri ve standartlara uygun so\u011futma fanl\u0131 elektrik panosu<\/li><li>CE normlar\u0131na uygun Stand tipinde \u00e7ok fonksiyonlu kontrol paneli ve ayak pedal\u0131<\/li><li>Y\u00fcksek do\u011fruluk ve tekrarlanabilir optik lineer cetveller<\/li><li>Hassas h\u0131zl\u0131 servo motorlu, s\u00fcr\u00fcc\u00fcl\u00fc arka dayama sistemi<\/li><li>X eksen Strok-kurs 750 mm<\/li><li>CE normlar\u0131na uygun kategori 4 \u2013 Arka \u0131\u015f\u0131k bariyeri<\/li><li>Dar tabla veya T kanall\u0131 Geni\u015f tabla se\u00e7ene\u011fi<\/li><li>Sertle\u015ftirilmi\u015f ta\u015flanm\u0131\u015f y\u00fcksek standartlarda ALT kal\u0131p (835mm) tam boy, 60x60mm, 4 kanal 16\/22\/35\/50 mm (2067)<\/li><li>Sertle\u015ftirilmi\u015f ta\u015flanm\u0131\u015f y\u00fcksek standartlarda \u00dcST kal\u0131p (835mm) tam boy, 66,6mm (1260)-105mm (1281) ( 400 ton and over ) high<\/li><li>H\u0131zl\u0131 S\u0131kma Promecam tipi \u00dcst kal\u0131p sistemi<\/li><li>Yan ve arka koruma kapaklar\u0131<\/li><li>Manuel hareketli arka dayama dilleri<\/li><li>350 mm\/saniye y\u00fcksek h\u0131zl\u0131 arka dayama<\/li><li>Komple elektrik panosu ana \u015falterli , 380- 400V AC 3 faz 50hz<\/li><li>\u00a0<\/li><\/ul>                        <\/div>\n                    <\/div>\n                                    <div class=\"tab-pane elementkit-tab-pane elementor-repeater-item-ecea635 \" id=\"content-ecea63569d0a5e7c0c18\" role=\"tabpanel\"\n                         aria-labelledby=\"content-ecea63569d0a5e7c0c18-tab\">\n                        <div class=\"animated fadeIn\">\n                            <ul><li>Cybelec Touch 12, 2D Grafik Dokunmatik Ekran 12\u201d Otomatik B\u00fckme S\u0131ralama optimizasyonu ve \u00e7arpma kontrol\u00fc 4 eksen offline yaz\u0131l\u0131m<\/li><li>Cybelec 15T, 2D Grafik Dokunmatik Ekran 15\u201d Otomatik B\u00fckme S\u0131ralama optimizasyonu ve \u00e7arpma kontrol\u00fc 7 eksen offline yaz\u0131l\u0131m<\/li><li>Delem 53T, Renkli 10\u2019\u2019CNC kontrol \u00fcnitesi, 4 eksen, offline yaz\u0131l\u0131m<\/li><li>Delem DA-58T, 2D Grafik Renkli 15\u2019\u2019CNC kontrol \u00fcnitesi Otomatik B\u00fckme S\u0131ralama optimizasyon ve \u00e7arpma kontrol\u00fc, 4 eksen, offline yaz\u0131l\u0131m<\/li><li>WILA manuel bombeleme sistemi<\/li><li>WILA motorlu \u2013 otomatik bombeleme sistemi<\/li><li>X,R \u2013 2 eksen arka dayama ( motorlu R ekseni)<\/li><li>Uzun X ekseni Strok-Kurs, 1000mm<\/li><li>AKAS Lazer parmak koruma CE\u2019 ye uygun (G\u00fcvenli PLC)<\/li><li>Motorlu AKAS Lazer parmak koruma CE\u2019 ye uygun (G\u00fcvenli PLC)<\/li><li>DSP Lazer parmak koruma CE\u2019 ye uygun (G\u00fcvenli PLC)<\/li><li>DFS Lazer parmak koruma<\/li><li>\u00d6n \u0131\u015f\u0131k bariyeri Tandem uygulama i\u00e7in<\/li><li>\u0130lave arka dayama dili<\/li><li>\u0130lave \u00f6n dayama kolu<\/li><li>Green Collection for energy saving<\/li><li>WILA hidrolik veya mekanik \u00fcst kal\u0131p s\u0131kma sistemi<\/li><li>WILA hidrolik veya mekanik alt kal\u0131p s\u0131kma sistemi<\/li><li>Hidrolik \u00fcst kal\u0131p s\u0131kma sistemi \u2013 Promecam<\/li><li>\u00d6zel par\u00e7a ve b\u00fck\u00fcmler i\u00e7in \u00d6zel Strok ve \u00d6zel Bo\u011faz<\/li><li>\u0130lave ayakl\u0131 k\u00fcrs\u00fc<\/li><li>T kanal<\/li><li>Ya\u011f So\u011futucu ve Ya\u011f \u0131s\u0131t\u0131c\u0131<\/li><li>\u00d6zel Renk<\/li><li>ROL1 or ROL2- ROL4 \u00fcst kal\u0131p s\u0131kma sistemleri<\/li><li>220-240V 60hz operating voltage<\/li><li>440-480V 60hz operating voltage<\/li><li>220-240V 60Hz and 440V-480V 60 Hz double operating voltage (by preliminary preparation)\u00a0<\/li><li>\u00a0<\/li><\/ul>                        <\/div>\n                    <\/div>\n                            <\/div>\n        <\/div>\n    <\/div>\t\t<\/div>\n\t\t\t\t<\/div>\n\t\t\t\t\t<\/div>\n\t\t<\/div>\n\t\t\t\t\t\t\t<\/div>\n\t\t<\/section>\n\t\t\t\t<section class=\"elementor-section elementor-top-section elementor-element elementor-element-472edc8c elementor-section-boxed elementor-section-height-default elementor-section-height-default elementor-invisible\" data-id=\"472edc8c\" data-element_type=\"section\" data-settings=\"{&quot;background_background&quot;:&quot;classic&quot;,&quot;animation&quot;:&quot;fadeIn&quot;,&quot;animation_delay&quot;:200}\">\n\t\t\t\t\t\t<div class=\"elementor-container elementor-column-gap-default\">\n\t\t\t\t\t<div class=\"elementor-column elementor-col-33 elementor-top-column elementor-element elementor-element-19baedda\" data-id=\"19baedda\" data-element_type=\"column\">\n\t\t\t<div class=\"elementor-widget-wrap elementor-element-populated\">\n\t\t\t\t\t\t\t\t<div class=\"elementor-element elementor-element-5c961bc4 elementor-widget elementor-widget-heading\" data-id=\"5c961bc4\" data-element_type=\"widget\" data-widget_type=\"heading.default\">\n\t\t\t\t<div class=\"elementor-widget-container\">\n\t\t\t<h6 class=\"elementor-heading-title elementor-size-default\">B\u0130Z\u0130MLE \u0130LET\u0130\u015e\u0130M \u00c7OK KOLAY<\/h6>\t\t<\/div>\n\t\t\t\t<\/div>\n\t\t\t\t\t<\/div>\n\t\t<\/div>\n\t\t\t\t<div class=\"elementor-column elementor-col-33 elementor-top-column elementor-element elementor-element-7ef73e6\" data-id=\"7ef73e6\" data-element_type=\"column\">\n\t\t\t<div class=\"elementor-widget-wrap elementor-element-populated\">\n\t\t\t\t\t\t\t\t<div class=\"elementor-element elementor-element-d9f6ac6 elementor-align-center elementor-icon-list--layout-traditional elementor-list-item-link-full_width elementor-widget elementor-widget-icon-list\" data-id=\"d9f6ac6\" data-element_type=\"widget\" data-widget_type=\"icon-list.default\">\n\t\t\t\t<div class=\"elementor-widget-container\">\n\t\t\t<link rel=\"stylesheet\" href=\"https:\/\/elei.com.tr\/elei\/wp-content\/plugins\/elementor\/assets\/css\/widget-icon-list.min.css\">\t\t<ul class=\"elementor-icon-list-items\">\n\t\t\t\t\t\t\t<li class=\"elementor-icon-list-item\">\n\t\t\t\t\t\t\t\t\t\t\t<a href=\"tel:905325915720\">\n\n\t\t\t\t\t\t\t\t\t\t\t\t<span class=\"elementor-icon-list-icon\">\n\t\t\t\t\t\t\t<i aria-hidden=\"true\" class=\"icon icon-phone1\"><\/i>\t\t\t\t\t\t<\/span>\n\t\t\t\t\t\t\t\t\t\t<span class=\"elementor-icon-list-text\">(+90) 532 591 57 20<\/span>\n\t\t\t\t\t\t\t\t\t\t\t<\/a>\n\t\t\t\t\t\t\t\t\t<\/li>\n\t\t\t\t\t\t<\/ul>\n\t\t\t\t<\/div>\n\t\t\t\t<\/div>\n\t\t\t\t\t<\/div>\n\t\t<\/div>\n\t\t\t\t<div class=\"elementor-column elementor-col-33 elementor-top-column elementor-element elementor-element-3414350\" data-id=\"3414350\" data-element_type=\"column\">\n\t\t\t<div class=\"elementor-widget-wrap elementor-element-populated\">\n\t\t\t\t\t\t\t\t<div class=\"elementor-element elementor-element-8d7caaf elementor-align-center elementor-icon-list--layout-traditional elementor-list-item-link-full_width elementor-widget elementor-widget-icon-list\" data-id=\"8d7caaf\" data-element_type=\"widget\" data-widget_type=\"icon-list.default\">\n\t\t\t\t<div class=\"elementor-widget-container\">\n\t\t\t\t\t<ul class=\"elementor-icon-list-items\">\n\t\t\t\t\t\t\t<li class=\"elementor-icon-list-item\">\n\t\t\t\t\t\t\t\t\t\t\t<a href=\"mailto:se@elei.com.tr\">\n\n\t\t\t\t\t\t\t\t\t\t\t\t<span class=\"elementor-icon-list-icon\">\n\t\t\t\t\t\t\t<i aria-hidden=\"true\" class=\"icon icon-envelope3\"><\/i>\t\t\t\t\t\t<\/span>\n\t\t\t\t\t\t\t\t\t\t<span class=\"elementor-icon-list-text\">se@elei.com.tr<\/span>\n\t\t\t\t\t\t\t\t\t\t\t<\/a>\n\t\t\t\t\t\t\t\t\t<\/li>\n\t\t\t\t\t\t<\/ul>\n\t\t\t\t<\/div>\n\t\t\t\t<\/div>\n\t\t\t\t\t<\/div>\n\t\t<\/div>\n\t\t\t\t\t\t\t<\/div>\n\t\t<\/section>\n\t\t\t\t\t\t\t<\/div>\n\t\t","protected":false},"excerpt":{"rendered":"<p>NEO 2CNC H\u0130DROL\u0130KABKANT PRES NEO 1 CNC H\u0130DROL\u0130K ABKANT PRES GENEL \u00d6ZELL\u0130KLER STANDART \u00d6ZELL\u0130KLER OPS\u0130YONEL EK\u0130PMANLAR Model B Abkant Pres 3 eksen (Y1, Y2, X+R Manuel), maksimum 4 eksene (Y1, Y2, X, R) veya 6 eksene (Y1, Y2, X+R, Z1+Z2 ) kadar imal edilir. Model B Standart Kontrol \u00fcniteleri grafik ekranl\u0131 (2D) Cybelec Touch8 veya [&hellip;]<\/p>\n","protected":false},"author":2,"featured_media":0,"parent":0,"menu_order":0,"comment_status":"closed","ping_status":"closed","template":"elementor_header_footer","meta":{"footnotes":""},"class_list":["post-2602","page","type-page","status-publish","hentry"],"yoast_head":"<!-- This site is optimized with the Yoast SEO plugin v21.7 - https:\/\/yoast.com\/wordpress\/plugins\/seo\/ -->\n<title>NEO 2 CNC H\u0130DROL\u0130K ABKANT PRES - ELEI<\/title>\n<meta name=\"robots\" content=\"index, follow, max-snippet:-1, max-image-preview:large, max-video-preview:-1\" \/>\n<link rel=\"canonical\" href=\"https:\/\/elei.com.tr\/elei\/neo-2-cnc-hidrolik-abkant-pres\/\" \/>\n<meta property=\"og:locale\" content=\"tr_TR\" \/>\n<meta property=\"og:type\" content=\"article\" \/>\n<meta property=\"og:title\" content=\"NEO 2 CNC H\u0130DROL\u0130K ABKANT PRES - ELEI\" \/>\n<meta property=\"og:description\" content=\"NEO 2CNC H\u0130DROL\u0130KABKANT PRES NEO 1 CNC H\u0130DROL\u0130K ABKANT PRES GENEL \u00d6ZELL\u0130KLER STANDART \u00d6ZELL\u0130KLER OPS\u0130YONEL EK\u0130PMANLAR Model B Abkant Pres 3 eksen (Y1, Y2, X+R Manuel), maksimum 4 eksene (Y1, Y2, X, R) veya 6 eksene (Y1, Y2, X+R, Z1+Z2 ) kadar imal edilir. Model B Standart Kontrol \u00fcniteleri grafik ekranl\u0131 (2D) Cybelec Touch8 veya [&hellip;]\" \/>\n<meta property=\"og:url\" content=\"https:\/\/elei.com.tr\/elei\/neo-2-cnc-hidrolik-abkant-pres\/\" \/>\n<meta property=\"og:site_name\" content=\"ELEI\" \/>\n<meta property=\"article:modified_time\" content=\"2024-01-04T09:13:35+00:00\" \/>\n<meta name=\"twitter:card\" content=\"summary_large_image\" \/>\n<meta name=\"twitter:label1\" content=\"Tahmini okuma s\u00fcresi\" \/>\n\t<meta name=\"twitter:data1\" content=\"5 dakika\" \/>\n<script type=\"application\/ld+json\" class=\"yoast-schema-graph\">{\"@context\":\"https:\/\/schema.org\",\"@graph\":[{\"@type\":\"WebPage\",\"@id\":\"https:\/\/elei.com.tr\/elei\/neo-2-cnc-hidrolik-abkant-pres\/\",\"url\":\"https:\/\/elei.com.tr\/elei\/neo-2-cnc-hidrolik-abkant-pres\/\",\"name\":\"NEO 2 CNC H\u0130DROL\u0130K ABKANT PRES - ELEI\",\"isPartOf\":{\"@id\":\"https:\/\/elei.com.tr\/elei\/#website\"},\"datePublished\":\"2023-12-15T13:39:46+00:00\",\"dateModified\":\"2024-01-04T09:13:35+00:00\",\"breadcrumb\":{\"@id\":\"https:\/\/elei.com.tr\/elei\/neo-2-cnc-hidrolik-abkant-pres\/#breadcrumb\"},\"inLanguage\":\"tr\",\"potentialAction\":[{\"@type\":\"ReadAction\",\"target\":[\"https:\/\/elei.com.tr\/elei\/neo-2-cnc-hidrolik-abkant-pres\/\"]}]},{\"@type\":\"BreadcrumbList\",\"@id\":\"https:\/\/elei.com.tr\/elei\/neo-2-cnc-hidrolik-abkant-pres\/#breadcrumb\",\"itemListElement\":[{\"@type\":\"ListItem\",\"position\":1,\"name\":\"Anasayfa\",\"item\":\"https:\/\/elei.com.tr\/elei\/\"},{\"@type\":\"ListItem\",\"position\":2,\"name\":\"NEO 2 CNC H\u0130DROL\u0130K ABKANT PRES\"}]},{\"@type\":\"WebSite\",\"@id\":\"https:\/\/elei.com.tr\/elei\/#website\",\"url\":\"https:\/\/elei.com.tr\/elei\/\",\"name\":\"ELEI\",\"description\":\"MACHINE TOOLS\",\"publisher\":{\"@id\":\"https:\/\/elei.com.tr\/elei\/#organization\"},\"potentialAction\":[{\"@type\":\"SearchAction\",\"target\":{\"@type\":\"EntryPoint\",\"urlTemplate\":\"https:\/\/elei.com.tr\/elei\/?s={search_term_string}\"},\"query-input\":\"required name=search_term_string\"}],\"inLanguage\":\"tr\"},{\"@type\":\"Organization\",\"@id\":\"https:\/\/elei.com.tr\/elei\/#organization\",\"name\":\"ELEI\",\"url\":\"https:\/\/elei.com.tr\/elei\/\",\"logo\":{\"@type\":\"ImageObject\",\"inLanguage\":\"tr\",\"@id\":\"https:\/\/elei.com.tr\/elei\/#\/schema\/logo\/image\/\",\"url\":\"https:\/\/elei.com.tr\/elei\/wp-content\/uploads\/2023\/11\/elei.jpg\",\"contentUrl\":\"https:\/\/elei.com.tr\/elei\/wp-content\/uploads\/2023\/11\/elei.jpg\",\"width\":800,\"height\":444,\"caption\":\"ELEI\"},\"image\":{\"@id\":\"https:\/\/elei.com.tr\/elei\/#\/schema\/logo\/image\/\"}}]}<\/script>\n<!-- \/ Yoast SEO plugin. -->","yoast_head_json":{"title":"NEO 2 CNC H\u0130DROL\u0130K ABKANT PRES - ELEI","robots":{"index":"index","follow":"follow","max-snippet":"max-snippet:-1","max-image-preview":"max-image-preview:large","max-video-preview":"max-video-preview:-1"},"canonical":"https:\/\/elei.com.tr\/elei\/neo-2-cnc-hidrolik-abkant-pres\/","og_locale":"tr_TR","og_type":"article","og_title":"NEO 2 CNC H\u0130DROL\u0130K ABKANT PRES - ELEI","og_description":"NEO 2CNC H\u0130DROL\u0130KABKANT PRES NEO 1 CNC H\u0130DROL\u0130K ABKANT PRES GENEL \u00d6ZELL\u0130KLER STANDART \u00d6ZELL\u0130KLER OPS\u0130YONEL EK\u0130PMANLAR Model B Abkant Pres 3 eksen (Y1, Y2, X+R Manuel), maksimum 4 eksene (Y1, Y2, X, R) veya 6 eksene (Y1, Y2, X+R, Z1+Z2 ) kadar imal edilir. Model B Standart Kontrol \u00fcniteleri grafik ekranl\u0131 (2D) Cybelec Touch8 veya [&hellip;]","og_url":"https:\/\/elei.com.tr\/elei\/neo-2-cnc-hidrolik-abkant-pres\/","og_site_name":"ELEI","article_modified_time":"2024-01-04T09:13:35+00:00","twitter_card":"summary_large_image","twitter_misc":{"Tahmini okuma s\u00fcresi":"5 dakika"},"schema":{"@context":"https:\/\/schema.org","@graph":[{"@type":"WebPage","@id":"https:\/\/elei.com.tr\/elei\/neo-2-cnc-hidrolik-abkant-pres\/","url":"https:\/\/elei.com.tr\/elei\/neo-2-cnc-hidrolik-abkant-pres\/","name":"NEO 2 CNC H\u0130DROL\u0130K ABKANT PRES - ELEI","isPartOf":{"@id":"https:\/\/elei.com.tr\/elei\/#website"},"datePublished":"2023-12-15T13:39:46+00:00","dateModified":"2024-01-04T09:13:35+00:00","breadcrumb":{"@id":"https:\/\/elei.com.tr\/elei\/neo-2-cnc-hidrolik-abkant-pres\/#breadcrumb"},"inLanguage":"tr","potentialAction":[{"@type":"ReadAction","target":["https:\/\/elei.com.tr\/elei\/neo-2-cnc-hidrolik-abkant-pres\/"]}]},{"@type":"BreadcrumbList","@id":"https:\/\/elei.com.tr\/elei\/neo-2-cnc-hidrolik-abkant-pres\/#breadcrumb","itemListElement":[{"@type":"ListItem","position":1,"name":"Anasayfa","item":"https:\/\/elei.com.tr\/elei\/"},{"@type":"ListItem","position":2,"name":"NEO 2 CNC H\u0130DROL\u0130K ABKANT PRES"}]},{"@type":"WebSite","@id":"https:\/\/elei.com.tr\/elei\/#website","url":"https:\/\/elei.com.tr\/elei\/","name":"ELEI","description":"MACHINE TOOLS","publisher":{"@id":"https:\/\/elei.com.tr\/elei\/#organization"},"potentialAction":[{"@type":"SearchAction","target":{"@type":"EntryPoint","urlTemplate":"https:\/\/elei.com.tr\/elei\/?s={search_term_string}"},"query-input":"required name=search_term_string"}],"inLanguage":"tr"},{"@type":"Organization","@id":"https:\/\/elei.com.tr\/elei\/#organization","name":"ELEI","url":"https:\/\/elei.com.tr\/elei\/","logo":{"@type":"ImageObject","inLanguage":"tr","@id":"https:\/\/elei.com.tr\/elei\/#\/schema\/logo\/image\/","url":"https:\/\/elei.com.tr\/elei\/wp-content\/uploads\/2023\/11\/elei.jpg","contentUrl":"https:\/\/elei.com.tr\/elei\/wp-content\/uploads\/2023\/11\/elei.jpg","width":800,"height":444,"caption":"ELEI"},"image":{"@id":"https:\/\/elei.com.tr\/elei\/#\/schema\/logo\/image\/"}}]}},"_links":{"self":[{"href":"https:\/\/elei.com.tr\/elei\/wp-json\/wp\/v2\/pages\/2602","targetHints":{"allow":["GET"]}}],"collection":[{"href":"https:\/\/elei.com.tr\/elei\/wp-json\/wp\/v2\/pages"}],"about":[{"href":"https:\/\/elei.com.tr\/elei\/wp-json\/wp\/v2\/types\/page"}],"author":[{"embeddable":true,"href":"https:\/\/elei.com.tr\/elei\/wp-json\/wp\/v2\/users\/2"}],"replies":[{"embeddable":true,"href":"https:\/\/elei.com.tr\/elei\/wp-json\/wp\/v2\/comments?post=2602"}],"version-history":[{"count":9,"href":"https:\/\/elei.com.tr\/elei\/wp-json\/wp\/v2\/pages\/2602\/revisions"}],"predecessor-version":[{"id":3228,"href":"https:\/\/elei.com.tr\/elei\/wp-json\/wp\/v2\/pages\/2602\/revisions\/3228"}],"wp:attachment":[{"href":"https:\/\/elei.com.tr\/elei\/wp-json\/wp\/v2\/media?parent=2602"}],"curies":[{"name":"wp","href":"https:\/\/api.w.org\/{rel}","templated":true}]}}