{"id":2658,"date":"2023-12-15T17:17:05","date_gmt":"2023-12-15T14:17:05","guid":{"rendered":"https:\/\/elei.com.tr\/elei\/?page_id=2658"},"modified":"2023-12-19T12:41:50","modified_gmt":"2023-12-19T09:41:50","slug":"neo-1-hidrolik-aci-ayarli-giyotin-makas-model-v","status":"publish","type":"page","link":"https:\/\/elei.com.tr\/elei\/neo-1-hidrolik-aci-ayarli-giyotin-makas-model-v\/","title":{"rendered":"NEO 1 H\u0130DROL\u0130K A\u00c7I AYARLI G\u0130YOT\u0130N MAKAS (model v)"},"content":{"rendered":"\t\t<div data-elementor-type=\"wp-page\" data-elementor-id=\"2658\" class=\"elementor elementor-2658\" data-elementor-post-type=\"page\">\n\t\t\t\t\t\t\t\t\t<section class=\"elementor-section elementor-top-section elementor-element elementor-element-65aa3976 elementor-section-height-min-height elementor-section-full_width elementor-section-content-bottom elementor-section-height-default elementor-section-items-middle\" data-id=\"65aa3976\" data-element_type=\"section\" data-settings=\"{&quot;background_background&quot;:&quot;classic&quot;}\">\n\t\t\t\t\t\t<div class=\"elementor-container elementor-column-gap-default\">\n\t\t\t\t\t<div class=\"elementor-column elementor-col-100 elementor-top-column elementor-element elementor-element-524b84b9\" data-id=\"524b84b9\" data-element_type=\"column\">\n\t\t\t<div class=\"elementor-widget-wrap elementor-element-populated\">\n\t\t\t\t\t\t\t\t<div class=\"elementor-element elementor-element-49b405c0 elementor-hidden-mobile elementor-invisible elementor-widget elementor-widget-heading\" data-id=\"49b405c0\" data-element_type=\"widget\" data-settings=\"{&quot;_animation&quot;:&quot;fadeInLeft&quot;}\" data-widget_type=\"heading.default\">\n\t\t\t\t<div class=\"elementor-widget-container\">\n\t\t\t<style>\/*! elementor - v3.17.0 - 01-11-2023 *\/\n.elementor-heading-title{padding:0;margin:0;line-height:1}.elementor-widget-heading .elementor-heading-title[class*=elementor-size-]>a{color:inherit;font-size:inherit;line-height:inherit}.elementor-widget-heading .elementor-heading-title.elementor-size-small{font-size:15px}.elementor-widget-heading .elementor-heading-title.elementor-size-medium{font-size:19px}.elementor-widget-heading .elementor-heading-title.elementor-size-large{font-size:29px}.elementor-widget-heading .elementor-heading-title.elementor-size-xl{font-size:39px}.elementor-widget-heading .elementor-heading-title.elementor-size-xxl{font-size:59px}<\/style><h1 class=\"elementor-heading-title elementor-size-default\">NEO 1<br>\nH\u0130DROL\u0130K A\u00c7I AYARLI<br>\nG\u0130YOT\u0130N MAKAS<\/h1>\t\t<\/div>\n\t\t\t\t<\/div>\n\t\t\t\t\t<\/div>\n\t\t<\/div>\n\t\t\t\t\t\t\t<\/div>\n\t\t<\/section>\n\t\t\t\t<section class=\"elementor-section elementor-top-section elementor-element elementor-element-43f81a13 elementor-section-content-middle elementor-section-boxed elementor-section-height-default elementor-section-height-default\" data-id=\"43f81a13\" data-element_type=\"section\">\n\t\t\t\t\t\t<div class=\"elementor-container elementor-column-gap-default\">\n\t\t\t\t\t<div class=\"elementor-column elementor-col-100 elementor-top-column elementor-element elementor-element-3545b1b elementor-invisible\" data-id=\"3545b1b\" data-element_type=\"column\" data-settings=\"{&quot;animation&quot;:&quot;fadeInLeft&quot;}\">\n\t\t\t<div class=\"elementor-widget-wrap elementor-element-populated\">\n\t\t\t\t\t\t\t\t<div class=\"elementor-element elementor-element-65e2e5d elementor-hidden-desktop elementor-hidden-tablet elementor-invisible elementor-widget elementor-widget-heading\" data-id=\"65e2e5d\" data-element_type=\"widget\" data-settings=\"{&quot;_animation&quot;:&quot;fadeInLeft&quot;}\" data-widget_type=\"heading.default\">\n\t\t\t\t<div class=\"elementor-widget-container\">\n\t\t\t<h1 class=\"elementor-heading-title elementor-size-default\">NEO 1 H\u0130DROL\u0130K A\u00c7I AYARLI G\u0130YOT\u0130N MAKAS<\/h1>\t\t<\/div>\n\t\t\t\t<\/div>\n\t\t\t\t<div class=\"elementor-element elementor-element-0e19982 elementor-widget elementor-widget-elementskit-simple-tab\" data-id=\"0e19982\" data-element_type=\"widget\" data-widget_type=\"elementskit-simple-tab.default\">\n\t\t\t\t<div class=\"elementor-widget-container\">\n\t\t\t<div class=\"ekit-wid-con\" >        <div class=\"elementkit-tab-wraper  \">\n            <ul class=\"nav nav-tabs elementkit-tab-nav  elementskit-fullwidth-tab\">\n                                    <li class=\"elementkit-nav-item elementor-repeater-item-f8089ae\">\n                        <a class=\"elementkit-nav-link  active show left-pos\" id=\"content-f8089ae69d0bbc64d608-tab\" data-ekit-handler-id=\"genel-zell-kler\" data-ekit-toggle=\"tab\" data-target=\"#content-f8089ae69d0bbc64d608\" href=\"#Content-f8089ae69d0bbc64d608\"\n                            data-ekit-toggle-trigger=\"click\"\n                            aria-describedby=\"Content-f8089ae69d0bbc64d608\">\n                            <span class=\"icon icon-chevron-down elementskit-tab-icon\"><\/span>                            <span class=\"elementskit-tab-title\"> GENEL \u00d6ZELL\u0130KLER<\/span>\n                        <\/a>\n                    <\/li>\n                                        <li class=\"elementkit-nav-item elementor-repeater-item-b8ce409\">\n                        <a class=\"elementkit-nav-link  left-pos\" id=\"content-b8ce40969d0bbc64d608-tab\" data-ekit-handler-id=\"standart-zell-kler\" data-ekit-toggle=\"tab\" data-target=\"#content-b8ce40969d0bbc64d608\" href=\"#Content-b8ce40969d0bbc64d608\"\n                            data-ekit-toggle-trigger=\"click\"\n                            aria-describedby=\"Content-b8ce40969d0bbc64d608\">\n                            <span class=\"icon icon-chevron-down elementskit-tab-icon\"><\/span>                            <span class=\"elementskit-tab-title\"> STANDART \u00d6ZELL\u0130KLER<\/span>\n                        <\/a>\n                    <\/li>\n                                        <li class=\"elementkit-nav-item elementor-repeater-item-ecea635\">\n                        <a class=\"elementkit-nav-link  left-pos\" id=\"content-ecea63569d0bbc64d608-tab\" data-ekit-handler-id=\"ops-yonel-ek-pmanlar\" data-ekit-toggle=\"tab\" data-target=\"#content-ecea63569d0bbc64d608\" href=\"#Content-ecea63569d0bbc64d608\"\n                            data-ekit-toggle-trigger=\"click\"\n                            aria-describedby=\"Content-ecea63569d0bbc64d608\">\n                            <span class=\"icon icon-chevron-down elementskit-tab-icon\"><\/span>                            <span class=\"elementskit-tab-title\"> OPS\u0130YONEL EK\u0130PMANLAR<\/span>\n                        <\/a>\n                    <\/li>\n                                <\/ul>\n\n            <div class=\"tab-content elementkit-tab-content\">\n                                    <div class=\"tab-pane elementkit-tab-pane elementor-repeater-item-f8089ae  active show\" id=\"content-f8089ae69d0bbc64d608\" role=\"tabpanel\"\n                         aria-labelledby=\"content-f8089ae69d0bbc64d608-tab\">\n                        <div class=\"animated fadeIn\">\n                            <ul><li>C Serisi Hidrolik CNC Kesim a\u00e7\u0131s\u0131 ayarl\u0131 giyotin makaslar en geni\u015f \u00e7e\u015fitlilikte Malzeme \u00e7e\u015fidi ve malzeme kal\u0131nl\u0131klar\u0131nda y\u00fcksek kaliteli kesim sa\u011flar.<\/li><li>Malzeme \u00e7e\u015fidi, Malzeme kal\u0131nl\u0131\u011f\u0131 ve Malzeme uzunlu\u011funun kontrol \u00fcnitesine girilmesi ile makine kesim a\u00e7\u0131s\u0131, sentil ayar\u0131, kesme uzunlu\u011fu ve Arka Dayama pozisyonlamas\u0131n\u0131 otomatik olarak ger\u00e7ekle\u015ftirir.<\/li><li>A\u00e7\u0131 ayar\u0131 girilen malzeme kal\u0131nl\u0131\u011f\u0131na g\u00f6re otomatik olarak ayarlan\u0131r.<\/li><li>A\u00e7\u0131 ayar\u0131n\u0131n malzeme kal\u0131nl\u0131\u011f\u0131na g\u00f6re otomatik olarak ayarlanmas\u0131<\/li><li>Y\u00fcksek kesim kalitesi ile birlikte ince \u2013 dar kesimlerde par\u00e7alar\u0131n burkulmas\u0131n\u0131 engeller.<\/li><li>\u0130nce sac keserken strok otomatik olarak k\u0131sal\u0131r ve \u00e7al\u0131\u015fma h\u0131z\u0131n\u0131n art\u0131\u015f\u0131 sa\u011flan\u0131r.<\/li><li>Kullan\u0131c\u0131 hatalar\u0131 engellenir. B\u0131\u00e7aklar\u0131n \u00f6mr\u00fc \u00f6nemli \u00f6l\u00e7\u00fcde art\u0131r\u0131l\u0131r.<\/li><li>Arka Dayama 1.000mm hareketi bilyal\u0131 mil yard\u0131m\u0131 ve bo\u015fluksuz k\u0131zaklar ile ger\u00e7ekle\u015ftirilir.<\/li><li>Arka dayama programlanabilir geri \u00e7ekme ve uzun par\u00e7alarda katlanabilir \u00f6zellikleri ile birlikte +\/- 0,1mm pozisyonlama hassasiyetine sahiptir.<\/li><li>\u00a0<\/li><\/ul>                        <\/div>\n                    <\/div>\n                                    <div class=\"tab-pane elementkit-tab-pane elementor-repeater-item-b8ce409 \" id=\"content-b8ce40969d0bbc64d608\" role=\"tabpanel\"\n                         aria-labelledby=\"content-b8ce40969d0bbc64d608-tab\">\n                        <div class=\"animated fadeIn\">\n                            <ul><li>Elgo P40T veya Cybelec T8 CNC Kontrol\u00f6r<\/li><li>Hareketli Kontrol Paneli<\/li><li>Modern imalat teknolojisi ile \u00fcretilmi\u015f, \u0131s\u0131l i\u015flem ile stresi al\u0131nm\u0131\u015f rijit, kaynakl\u0131 ve a\u011f\u0131r yekpare g\u00f6vde Motorlu 1.000mm Arka Dayama bilyal\u0131 mil ve k\u0131zak sistemli<\/li><li>Arka dayama programlanabilir geri \u00e7ekme \u00f6zelli\u011fi ve uzun par\u00e7alarda katlanabilir.<\/li><li>Tabla \u00fczerinde bilyalar sac\u0131n \u00e7izilmesini engeller.<\/li><li>Hidrolik Bask\u0131 tutucu y\u00fczeyindeki sentetik madde kesim esnas\u0131nda par\u00e7an\u0131z\u0131n korunmas\u0131n\u0131 sa\u011flar.<\/li><li>Honlanm\u0131\u015f hidrolik silindirler ve y\u00fcksek de\u011ferli kromlanm\u0131\u015f ve ta\u015flanm\u0131\u015f Hidrolik pistonlar.<\/li><li>Otomatik kesim a\u00e7\u0131s\u0131 ayar\u0131<\/li><li>Otomatik sentil ayar sistemi<\/li><li>Otomatik Kesme uzunlu\u011fu ayar\u0131<\/li><li>Y\u00fcksek kaliteli \u00dcst B\u0131\u00e7ak ve Alt B\u0131\u00e7ak<\/li><li>Alt b\u0131\u00e7ak: 4 kesim y\u00fczl\u00fc<\/li><li>\u00dcst b\u0131\u00e7ak: 2 Kesim y\u00fczl\u00fc<\/li><li>H\u00f6rbiger veya RexrothHidrolik sistemi<\/li><li>Siemens \u2013 Schneider Elektrik sistemi<\/li><li>Tekli ve Seri kesime uygun Ayakl\u0131 k\u00fcrs\u00fc<\/li><li>Parmak koruma sac\u0131 ilk 1.000mm a\u00e7\u0131labilir<\/li><li>\u00c7al\u0131\u015fma saati sayac\u0131<\/li><li>Bo\u011faz derinli\u011fi<\/li><li>\u00d6n Dayama kollar\u0131 1.000mm, Cetvelli, T Kanall\u0131 ve dayamal\u0131<\/li><li>Arka ve yan koruma kapaklar\u0131<\/li><li>Makine arkas\u0131nda Fotoselli \u0131\u015f\u0131k koruma (Kategori 4)<\/li><li>Kesim \u00e7izgisi ayd\u0131nlatmas\u0131<\/li><li>Acil Stop butonlar\u0131<\/li><li>Kesim adedi sayac\u0131<\/li><li>\u00a0<\/li><\/ul>                        <\/div>\n                    <\/div>\n                                    <div class=\"tab-pane elementkit-tab-pane elementor-repeater-item-ecea635 \" id=\"content-ecea63569d0bbc64d608\" role=\"tabpanel\"\n                         aria-labelledby=\"content-ecea63569d0bbc64d608-tab\">\n                        <div class=\"animated fadeIn\">\n                            <ul><li>\u00d6zel uzunlukta \u00f6n dayama kollar\u0131<\/li><li>\u00d6nde A\u00e7\u0131 ayarl\u0131 G\u00f6nye 0-180\u02da<\/li><li>\u00d6zel uzunlukta \u00f6n dayama kollar\u0131<\/li><li>Lazer\u2019li Kesim \u00e7izgisi ayd\u0131nlatmas\u0131<\/li><li>\u00d6zel Bo\u011faz 500mm<\/li><li>Paslanmaz sac kesimi i\u00e7in \u00f6zel b\u0131\u00e7aklar<\/li><li>\u00a0<\/li><\/ul>                        <\/div>\n                    <\/div>\n                            <\/div>\n        <\/div>\n    <\/div>\t\t<\/div>\n\t\t\t\t<\/div>\n\t\t\t\t\t<\/div>\n\t\t<\/div>\n\t\t\t\t\t\t\t<\/div>\n\t\t<\/section>\n\t\t\t\t<section class=\"elementor-section elementor-top-section elementor-element elementor-element-472edc8c elementor-section-boxed elementor-section-height-default elementor-section-height-default elementor-invisible\" data-id=\"472edc8c\" data-element_type=\"section\" data-settings=\"{&quot;background_background&quot;:&quot;classic&quot;,&quot;animation&quot;:&quot;fadeIn&quot;,&quot;animation_delay&quot;:200}\">\n\t\t\t\t\t\t<div class=\"elementor-container elementor-column-gap-default\">\n\t\t\t\t\t<div class=\"elementor-column elementor-col-33 elementor-top-column elementor-element elementor-element-19baedda\" data-id=\"19baedda\" data-element_type=\"column\">\n\t\t\t<div class=\"elementor-widget-wrap elementor-element-populated\">\n\t\t\t\t\t\t\t\t<div class=\"elementor-element elementor-element-5c961bc4 elementor-widget elementor-widget-heading\" data-id=\"5c961bc4\" data-element_type=\"widget\" data-widget_type=\"heading.default\">\n\t\t\t\t<div class=\"elementor-widget-container\">\n\t\t\t<h6 class=\"elementor-heading-title elementor-size-default\">B\u0130Z\u0130MLE \u0130LET\u0130\u015e\u0130M \u00c7OK KOLAY<\/h6>\t\t<\/div>\n\t\t\t\t<\/div>\n\t\t\t\t\t<\/div>\n\t\t<\/div>\n\t\t\t\t<div class=\"elementor-column elementor-col-33 elementor-top-column elementor-element elementor-element-7ef73e6\" data-id=\"7ef73e6\" data-element_type=\"column\">\n\t\t\t<div class=\"elementor-widget-wrap elementor-element-populated\">\n\t\t\t\t\t\t\t\t<div class=\"elementor-element elementor-element-d9f6ac6 elementor-align-center elementor-icon-list--layout-traditional elementor-list-item-link-full_width elementor-widget elementor-widget-icon-list\" data-id=\"d9f6ac6\" data-element_type=\"widget\" data-widget_type=\"icon-list.default\">\n\t\t\t\t<div class=\"elementor-widget-container\">\n\t\t\t<link rel=\"stylesheet\" href=\"https:\/\/elei.com.tr\/elei\/wp-content\/plugins\/elementor\/assets\/css\/widget-icon-list.min.css\">\t\t<ul class=\"elementor-icon-list-items\">\n\t\t\t\t\t\t\t<li class=\"elementor-icon-list-item\">\n\t\t\t\t\t\t\t\t\t\t\t<a href=\"tel:905325915720\">\n\n\t\t\t\t\t\t\t\t\t\t\t\t<span class=\"elementor-icon-list-icon\">\n\t\t\t\t\t\t\t<i aria-hidden=\"true\" class=\"icon icon-phone1\"><\/i>\t\t\t\t\t\t<\/span>\n\t\t\t\t\t\t\t\t\t\t<span class=\"elementor-icon-list-text\">(+90) 532 591 57 20<\/span>\n\t\t\t\t\t\t\t\t\t\t\t<\/a>\n\t\t\t\t\t\t\t\t\t<\/li>\n\t\t\t\t\t\t<\/ul>\n\t\t\t\t<\/div>\n\t\t\t\t<\/div>\n\t\t\t\t\t<\/div>\n\t\t<\/div>\n\t\t\t\t<div class=\"elementor-column elementor-col-33 elementor-top-column elementor-element elementor-element-3414350\" data-id=\"3414350\" data-element_type=\"column\">\n\t\t\t<div class=\"elementor-widget-wrap elementor-element-populated\">\n\t\t\t\t\t\t\t\t<div class=\"elementor-element elementor-element-8d7caaf elementor-align-center elementor-icon-list--layout-traditional elementor-list-item-link-full_width elementor-widget elementor-widget-icon-list\" data-id=\"8d7caaf\" data-element_type=\"widget\" data-widget_type=\"icon-list.default\">\n\t\t\t\t<div class=\"elementor-widget-container\">\n\t\t\t\t\t<ul class=\"elementor-icon-list-items\">\n\t\t\t\t\t\t\t<li class=\"elementor-icon-list-item\">\n\t\t\t\t\t\t\t\t\t\t\t<a href=\"mailto:se@elei.com.tr\">\n\n\t\t\t\t\t\t\t\t\t\t\t\t<span class=\"elementor-icon-list-icon\">\n\t\t\t\t\t\t\t<i aria-hidden=\"true\" class=\"icon icon-envelope3\"><\/i>\t\t\t\t\t\t<\/span>\n\t\t\t\t\t\t\t\t\t\t<span class=\"elementor-icon-list-text\">se@elei.com.tr<\/span>\n\t\t\t\t\t\t\t\t\t\t\t<\/a>\n\t\t\t\t\t\t\t\t\t<\/li>\n\t\t\t\t\t\t<\/ul>\n\t\t\t\t<\/div>\n\t\t\t\t<\/div>\n\t\t\t\t\t<\/div>\n\t\t<\/div>\n\t\t\t\t\t\t\t<\/div>\n\t\t<\/section>\n\t\t\t\t\t\t\t<\/div>\n\t\t","protected":false},"excerpt":{"rendered":"<p>NEO 1 H\u0130DROL\u0130K A\u00c7I AYARLI G\u0130YOT\u0130N MAKAS NEO 1 H\u0130DROL\u0130K A\u00c7I AYARLI G\u0130YOT\u0130N MAKAS GENEL \u00d6ZELL\u0130KLER STANDART \u00d6ZELL\u0130KLER OPS\u0130YONEL EK\u0130PMANLAR C Serisi Hidrolik CNC Kesim a\u00e7\u0131s\u0131 ayarl\u0131 giyotin makaslar en geni\u015f \u00e7e\u015fitlilikte Malzeme \u00e7e\u015fidi ve malzeme kal\u0131nl\u0131klar\u0131nda y\u00fcksek kaliteli kesim sa\u011flar. Malzeme \u00e7e\u015fidi, Malzeme kal\u0131nl\u0131\u011f\u0131 ve Malzeme uzunlu\u011funun kontrol \u00fcnitesine girilmesi ile makine kesim a\u00e7\u0131s\u0131, [&hellip;]<\/p>\n","protected":false},"author":2,"featured_media":0,"parent":0,"menu_order":0,"comment_status":"closed","ping_status":"closed","template":"elementor_header_footer","meta":{"footnotes":""},"class_list":["post-2658","page","type-page","status-publish","hentry"],"yoast_head":"<!-- This site is optimized with the Yoast SEO plugin v21.7 - https:\/\/yoast.com\/wordpress\/plugins\/seo\/ -->\n<title>NEO 1 H\u0130DROL\u0130K A\u00c7I AYARLI G\u0130YOT\u0130N MAKAS (model v) - ELEI<\/title>\n<meta name=\"robots\" content=\"index, follow, max-snippet:-1, max-image-preview:large, max-video-preview:-1\" \/>\n<link rel=\"canonical\" href=\"https:\/\/elei.com.tr\/elei\/neo-1-hidrolik-aci-ayarli-giyotin-makas-model-v\/\" \/>\n<meta property=\"og:locale\" content=\"tr_TR\" \/>\n<meta property=\"og:type\" content=\"article\" \/>\n<meta property=\"og:title\" content=\"NEO 1 H\u0130DROL\u0130K A\u00c7I AYARLI G\u0130YOT\u0130N MAKAS (model v) - ELEI\" \/>\n<meta property=\"og:description\" content=\"NEO 1 H\u0130DROL\u0130K A\u00c7I AYARLI G\u0130YOT\u0130N MAKAS NEO 1 H\u0130DROL\u0130K A\u00c7I AYARLI G\u0130YOT\u0130N MAKAS GENEL \u00d6ZELL\u0130KLER STANDART \u00d6ZELL\u0130KLER OPS\u0130YONEL EK\u0130PMANLAR C Serisi Hidrolik CNC Kesim a\u00e7\u0131s\u0131 ayarl\u0131 giyotin makaslar en geni\u015f \u00e7e\u015fitlilikte Malzeme \u00e7e\u015fidi ve malzeme kal\u0131nl\u0131klar\u0131nda y\u00fcksek kaliteli kesim sa\u011flar. Malzeme \u00e7e\u015fidi, Malzeme kal\u0131nl\u0131\u011f\u0131 ve Malzeme uzunlu\u011funun kontrol \u00fcnitesine girilmesi ile makine kesim a\u00e7\u0131s\u0131, [&hellip;]\" \/>\n<meta property=\"og:url\" content=\"https:\/\/elei.com.tr\/elei\/neo-1-hidrolik-aci-ayarli-giyotin-makas-model-v\/\" \/>\n<meta property=\"og:site_name\" content=\"ELEI\" \/>\n<meta property=\"article:modified_time\" content=\"2023-12-19T09:41:50+00:00\" \/>\n<meta name=\"twitter:card\" content=\"summary_large_image\" \/>\n<meta name=\"twitter:label1\" content=\"Tahmini okuma s\u00fcresi\" \/>\n\t<meta name=\"twitter:data1\" content=\"3 dakika\" \/>\n<script type=\"application\/ld+json\" class=\"yoast-schema-graph\">{\"@context\":\"https:\/\/schema.org\",\"@graph\":[{\"@type\":\"WebPage\",\"@id\":\"https:\/\/elei.com.tr\/elei\/neo-1-hidrolik-aci-ayarli-giyotin-makas-model-v\/\",\"url\":\"https:\/\/elei.com.tr\/elei\/neo-1-hidrolik-aci-ayarli-giyotin-makas-model-v\/\",\"name\":\"NEO 1 H\u0130DROL\u0130K A\u00c7I AYARLI G\u0130YOT\u0130N MAKAS (model v) - ELEI\",\"isPartOf\":{\"@id\":\"https:\/\/elei.com.tr\/elei\/#website\"},\"datePublished\":\"2023-12-15T14:17:05+00:00\",\"dateModified\":\"2023-12-19T09:41:50+00:00\",\"breadcrumb\":{\"@id\":\"https:\/\/elei.com.tr\/elei\/neo-1-hidrolik-aci-ayarli-giyotin-makas-model-v\/#breadcrumb\"},\"inLanguage\":\"tr\",\"potentialAction\":[{\"@type\":\"ReadAction\",\"target\":[\"https:\/\/elei.com.tr\/elei\/neo-1-hidrolik-aci-ayarli-giyotin-makas-model-v\/\"]}]},{\"@type\":\"BreadcrumbList\",\"@id\":\"https:\/\/elei.com.tr\/elei\/neo-1-hidrolik-aci-ayarli-giyotin-makas-model-v\/#breadcrumb\",\"itemListElement\":[{\"@type\":\"ListItem\",\"position\":1,\"name\":\"Anasayfa\",\"item\":\"https:\/\/elei.com.tr\/elei\/\"},{\"@type\":\"ListItem\",\"position\":2,\"name\":\"NEO 1 H\u0130DROL\u0130K A\u00c7I AYARLI G\u0130YOT\u0130N MAKAS (model v)\"}]},{\"@type\":\"WebSite\",\"@id\":\"https:\/\/elei.com.tr\/elei\/#website\",\"url\":\"https:\/\/elei.com.tr\/elei\/\",\"name\":\"ELEI\",\"description\":\"MACHINE TOOLS\",\"publisher\":{\"@id\":\"https:\/\/elei.com.tr\/elei\/#organization\"},\"potentialAction\":[{\"@type\":\"SearchAction\",\"target\":{\"@type\":\"EntryPoint\",\"urlTemplate\":\"https:\/\/elei.com.tr\/elei\/?s={search_term_string}\"},\"query-input\":\"required name=search_term_string\"}],\"inLanguage\":\"tr\"},{\"@type\":\"Organization\",\"@id\":\"https:\/\/elei.com.tr\/elei\/#organization\",\"name\":\"ELEI\",\"url\":\"https:\/\/elei.com.tr\/elei\/\",\"logo\":{\"@type\":\"ImageObject\",\"inLanguage\":\"tr\",\"@id\":\"https:\/\/elei.com.tr\/elei\/#\/schema\/logo\/image\/\",\"url\":\"https:\/\/elei.com.tr\/elei\/wp-content\/uploads\/2023\/11\/elei.jpg\",\"contentUrl\":\"https:\/\/elei.com.tr\/elei\/wp-content\/uploads\/2023\/11\/elei.jpg\",\"width\":800,\"height\":444,\"caption\":\"ELEI\"},\"image\":{\"@id\":\"https:\/\/elei.com.tr\/elei\/#\/schema\/logo\/image\/\"}}]}<\/script>\n<!-- \/ Yoast SEO plugin. -->","yoast_head_json":{"title":"NEO 1 H\u0130DROL\u0130K A\u00c7I AYARLI G\u0130YOT\u0130N MAKAS (model v) - ELEI","robots":{"index":"index","follow":"follow","max-snippet":"max-snippet:-1","max-image-preview":"max-image-preview:large","max-video-preview":"max-video-preview:-1"},"canonical":"https:\/\/elei.com.tr\/elei\/neo-1-hidrolik-aci-ayarli-giyotin-makas-model-v\/","og_locale":"tr_TR","og_type":"article","og_title":"NEO 1 H\u0130DROL\u0130K A\u00c7I AYARLI G\u0130YOT\u0130N MAKAS (model v) - ELEI","og_description":"NEO 1 H\u0130DROL\u0130K A\u00c7I AYARLI G\u0130YOT\u0130N MAKAS NEO 1 H\u0130DROL\u0130K A\u00c7I AYARLI G\u0130YOT\u0130N MAKAS GENEL \u00d6ZELL\u0130KLER STANDART \u00d6ZELL\u0130KLER OPS\u0130YONEL EK\u0130PMANLAR C Serisi Hidrolik CNC Kesim a\u00e7\u0131s\u0131 ayarl\u0131 giyotin makaslar en geni\u015f \u00e7e\u015fitlilikte Malzeme \u00e7e\u015fidi ve malzeme kal\u0131nl\u0131klar\u0131nda y\u00fcksek kaliteli kesim sa\u011flar. Malzeme \u00e7e\u015fidi, Malzeme kal\u0131nl\u0131\u011f\u0131 ve Malzeme uzunlu\u011funun kontrol \u00fcnitesine girilmesi ile makine kesim a\u00e7\u0131s\u0131, [&hellip;]","og_url":"https:\/\/elei.com.tr\/elei\/neo-1-hidrolik-aci-ayarli-giyotin-makas-model-v\/","og_site_name":"ELEI","article_modified_time":"2023-12-19T09:41:50+00:00","twitter_card":"summary_large_image","twitter_misc":{"Tahmini okuma s\u00fcresi":"3 dakika"},"schema":{"@context":"https:\/\/schema.org","@graph":[{"@type":"WebPage","@id":"https:\/\/elei.com.tr\/elei\/neo-1-hidrolik-aci-ayarli-giyotin-makas-model-v\/","url":"https:\/\/elei.com.tr\/elei\/neo-1-hidrolik-aci-ayarli-giyotin-makas-model-v\/","name":"NEO 1 H\u0130DROL\u0130K A\u00c7I AYARLI G\u0130YOT\u0130N MAKAS (model v) - ELEI","isPartOf":{"@id":"https:\/\/elei.com.tr\/elei\/#website"},"datePublished":"2023-12-15T14:17:05+00:00","dateModified":"2023-12-19T09:41:50+00:00","breadcrumb":{"@id":"https:\/\/elei.com.tr\/elei\/neo-1-hidrolik-aci-ayarli-giyotin-makas-model-v\/#breadcrumb"},"inLanguage":"tr","potentialAction":[{"@type":"ReadAction","target":["https:\/\/elei.com.tr\/elei\/neo-1-hidrolik-aci-ayarli-giyotin-makas-model-v\/"]}]},{"@type":"BreadcrumbList","@id":"https:\/\/elei.com.tr\/elei\/neo-1-hidrolik-aci-ayarli-giyotin-makas-model-v\/#breadcrumb","itemListElement":[{"@type":"ListItem","position":1,"name":"Anasayfa","item":"https:\/\/elei.com.tr\/elei\/"},{"@type":"ListItem","position":2,"name":"NEO 1 H\u0130DROL\u0130K A\u00c7I AYARLI G\u0130YOT\u0130N MAKAS (model v)"}]},{"@type":"WebSite","@id":"https:\/\/elei.com.tr\/elei\/#website","url":"https:\/\/elei.com.tr\/elei\/","name":"ELEI","description":"MACHINE TOOLS","publisher":{"@id":"https:\/\/elei.com.tr\/elei\/#organization"},"potentialAction":[{"@type":"SearchAction","target":{"@type":"EntryPoint","urlTemplate":"https:\/\/elei.com.tr\/elei\/?s={search_term_string}"},"query-input":"required name=search_term_string"}],"inLanguage":"tr"},{"@type":"Organization","@id":"https:\/\/elei.com.tr\/elei\/#organization","name":"ELEI","url":"https:\/\/elei.com.tr\/elei\/","logo":{"@type":"ImageObject","inLanguage":"tr","@id":"https:\/\/elei.com.tr\/elei\/#\/schema\/logo\/image\/","url":"https:\/\/elei.com.tr\/elei\/wp-content\/uploads\/2023\/11\/elei.jpg","contentUrl":"https:\/\/elei.com.tr\/elei\/wp-content\/uploads\/2023\/11\/elei.jpg","width":800,"height":444,"caption":"ELEI"},"image":{"@id":"https:\/\/elei.com.tr\/elei\/#\/schema\/logo\/image\/"}}]}},"_links":{"self":[{"href":"https:\/\/elei.com.tr\/elei\/wp-json\/wp\/v2\/pages\/2658","targetHints":{"allow":["GET"]}}],"collection":[{"href":"https:\/\/elei.com.tr\/elei\/wp-json\/wp\/v2\/pages"}],"about":[{"href":"https:\/\/elei.com.tr\/elei\/wp-json\/wp\/v2\/types\/page"}],"author":[{"embeddable":true,"href":"https:\/\/elei.com.tr\/elei\/wp-json\/wp\/v2\/users\/2"}],"replies":[{"embeddable":true,"href":"https:\/\/elei.com.tr\/elei\/wp-json\/wp\/v2\/comments?post=2658"}],"version-history":[{"count":0,"href":"https:\/\/elei.com.tr\/elei\/wp-json\/wp\/v2\/pages\/2658\/revisions"}],"wp:attachment":[{"href":"https:\/\/elei.com.tr\/elei\/wp-json\/wp\/v2\/media?parent=2658"}],"curies":[{"name":"wp","href":"https:\/\/api.w.org\/{rel}","templated":true}]}}