{"id":3068,"date":"2023-12-19T14:57:32","date_gmt":"2023-12-19T11:57:32","guid":{"rendered":"https:\/\/elei.com.tr\/elei\/?page_id=3068"},"modified":"2024-01-04T11:57:23","modified_gmt":"2024-01-04T08:57:23","slug":"neo-2-cnc-hydraulic-press-brake","status":"publish","type":"page","link":"https:\/\/elei.com.tr\/elei\/en\/neo-2-cnc-hydraulic-press-brake\/","title":{"rendered":"NEO 2 CNC HYDRAULIC PRESS BRAKE"},"content":{"rendered":"\t\t<div data-elementor-type=\"wp-page\" data-elementor-id=\"3068\" class=\"elementor elementor-3068\" data-elementor-post-type=\"page\">\n\t\t\t\t\t\t\t\t\t<section class=\"elementor-section elementor-top-section elementor-element elementor-element-65aa3976 elementor-section-height-min-height elementor-section-full_width elementor-section-content-bottom elementor-section-height-default elementor-section-items-middle\" data-id=\"65aa3976\" data-element_type=\"section\" data-settings=\"{&quot;background_background&quot;:&quot;classic&quot;}\">\n\t\t\t\t\t\t<div class=\"elementor-container elementor-column-gap-default\">\n\t\t\t\t\t<div class=\"elementor-column elementor-col-100 elementor-top-column elementor-element elementor-element-524b84b9\" data-id=\"524b84b9\" data-element_type=\"column\">\n\t\t\t<div class=\"elementor-widget-wrap elementor-element-populated\">\n\t\t\t\t\t\t\t\t<div class=\"elementor-element elementor-element-49b405c0 elementor-hidden-mobile elementor-invisible elementor-widget elementor-widget-heading\" data-id=\"49b405c0\" data-element_type=\"widget\" data-settings=\"{&quot;_animation&quot;:&quot;fadeInLeft&quot;}\" data-widget_type=\"heading.default\">\n\t\t\t\t<div class=\"elementor-widget-container\">\n\t\t\t<style>\/*! elementor - v3.17.0 - 01-11-2023 *\/\n.elementor-heading-title{padding:0;margin:0;line-height:1}.elementor-widget-heading .elementor-heading-title[class*=elementor-size-]>a{color:inherit;font-size:inherit;line-height:inherit}.elementor-widget-heading .elementor-heading-title.elementor-size-small{font-size:15px}.elementor-widget-heading .elementor-heading-title.elementor-size-medium{font-size:19px}.elementor-widget-heading .elementor-heading-title.elementor-size-large{font-size:29px}.elementor-widget-heading .elementor-heading-title.elementor-size-xl{font-size:39px}.elementor-widget-heading .elementor-heading-title.elementor-size-xxl{font-size:59px}<\/style><h1 class=\"elementor-heading-title elementor-size-default\">NEO 2<br>CNC HYDRAULIC<br>PRESS BRAKE<\/h1>\t\t<\/div>\n\t\t\t\t<\/div>\n\t\t\t\t\t<\/div>\n\t\t<\/div>\n\t\t\t\t\t\t\t<\/div>\n\t\t<\/section>\n\t\t\t\t<section class=\"elementor-section elementor-top-section elementor-element elementor-element-43f81a13 elementor-section-content-middle elementor-section-boxed elementor-section-height-default elementor-section-height-default\" data-id=\"43f81a13\" data-element_type=\"section\">\n\t\t\t\t\t\t<div class=\"elementor-container elementor-column-gap-default\">\n\t\t\t\t\t<div class=\"elementor-column elementor-col-100 elementor-top-column elementor-element elementor-element-3545b1b elementor-invisible\" data-id=\"3545b1b\" data-element_type=\"column\" data-settings=\"{&quot;animation&quot;:&quot;fadeInLeft&quot;}\">\n\t\t\t<div class=\"elementor-widget-wrap elementor-element-populated\">\n\t\t\t\t\t\t\t\t<div class=\"elementor-element elementor-element-65e2e5d elementor-hidden-desktop elementor-hidden-tablet elementor-invisible elementor-widget elementor-widget-heading\" data-id=\"65e2e5d\" data-element_type=\"widget\" data-settings=\"{&quot;_animation&quot;:&quot;fadeInLeft&quot;}\" data-widget_type=\"heading.default\">\n\t\t\t\t<div class=\"elementor-widget-container\">\n\t\t\t<h1 class=\"elementor-heading-title elementor-size-default\">NEO 2 CNC HYDRAULIC PRESS BRAKE<\/h1>\t\t<\/div>\n\t\t\t\t<\/div>\n\t\t\t\t<div class=\"elementor-element elementor-element-0e19982 elementor-widget elementor-widget-elementskit-simple-tab\" data-id=\"0e19982\" data-element_type=\"widget\" data-widget_type=\"elementskit-simple-tab.default\">\n\t\t\t\t<div class=\"elementor-widget-container\">\n\t\t\t<div class=\"ekit-wid-con\" >        <div class=\"elementkit-tab-wraper  \">\n            <ul class=\"nav nav-tabs elementkit-tab-nav  elementskit-fullwidth-tab\">\n                                    <li class=\"elementkit-nav-item elementor-repeater-item-f8089ae\">\n                        <a class=\"elementkit-nav-link  active show left-pos\" id=\"content-f8089ae69d0a9f6c1c11-tab\" data-ekit-handler-id=\"general-features\" data-ekit-toggle=\"tab\" data-target=\"#content-f8089ae69d0a9f6c1c11\" href=\"#Content-f8089ae69d0a9f6c1c11\"\n                            data-ekit-toggle-trigger=\"click\"\n                            aria-describedby=\"Content-f8089ae69d0a9f6c1c11\">\n                            <span class=\"icon icon-chevron-down elementskit-tab-icon\"><\/span>                            <span class=\"elementskit-tab-title\"> GENERAL FEATURES<\/span>\n                        <\/a>\n                    <\/li>\n                                        <li class=\"elementkit-nav-item elementor-repeater-item-b8ce409\">\n                        <a class=\"elementkit-nav-link  left-pos\" id=\"content-b8ce40969d0a9f6c1c11-tab\" data-ekit-handler-id=\"standard-features\" data-ekit-toggle=\"tab\" data-target=\"#content-b8ce40969d0a9f6c1c11\" href=\"#Content-b8ce40969d0a9f6c1c11\"\n                            data-ekit-toggle-trigger=\"click\"\n                            aria-describedby=\"Content-b8ce40969d0a9f6c1c11\">\n                            <span class=\"icon icon-chevron-down elementskit-tab-icon\"><\/span>                            <span class=\"elementskit-tab-title\"> STANDARD FEATURES<\/span>\n                        <\/a>\n                    <\/li>\n                                        <li class=\"elementkit-nav-item elementor-repeater-item-ecea635\">\n                        <a class=\"elementkit-nav-link  left-pos\" id=\"content-ecea63569d0a9f6c1c11-tab\" data-ekit-handler-id=\"optional-equipment\" data-ekit-toggle=\"tab\" data-target=\"#content-ecea63569d0a9f6c1c11\" href=\"#Content-ecea63569d0a9f6c1c11\"\n                            data-ekit-toggle-trigger=\"click\"\n                            aria-describedby=\"Content-ecea63569d0a9f6c1c11\">\n                            <span class=\"icon icon-chevron-down elementskit-tab-icon\"><\/span>                            <span class=\"elementskit-tab-title\"> OPTIONAL EQUIPMENT<\/span>\n                        <\/a>\n                    <\/li>\n                                <\/ul>\n\n            <div class=\"tab-content elementkit-tab-content\">\n                                    <div class=\"tab-pane elementkit-tab-pane elementor-repeater-item-f8089ae  active show\" id=\"content-f8089ae69d0a9f6c1c11\" role=\"tabpanel\"\n                         aria-labelledby=\"content-f8089ae69d0a9f6c1c11-tab\">\n                        <div class=\"animated fadeIn\">\n                            <ul><li><p>Axes configurations, Model B press brake can configure 3 axes (Y1, Y2, X) and maximum 4 axes (Y1, Y2, X+R) or 6 axes (Y1, Y2, X+R, Z1+Z2 )<\/p><p>Model B controller is standard graphically 2D Cybelec Touch8 or ESA 630-2D,<\/p><p>Frame steel constructions manufacturing certificated raw material has been designed according optimal and minimum deflections resistance criteria of design and analyses requirement<\/p><p>Steel constructions productions by modern and advanced CNC machining center.<br \/>Hydraulic cylinders, manufactured as precision from solid full material in ELEI facilities and made honed.<br \/>Hydraulic cylinders, manufactured as precision from solid full material in ELEI facilities and made honed.<br \/>Hydraulic pistons, manufactured from forged steel, hardened, grinding is done, and chrome-coated in ELEI facilities.<\/p><p>Hydraulic block and valve made in Germany, originally, high level type for performance and stability.<\/p><p>ELEI press brake have special hydralic pump have high effiency condition of low and high pressure range<\/p><p>Low electricity consumptions concept with special hydraulic design and components<\/p><p>Automatically reference<\/p><p>Pressing force tonnage automatically calculated according material<br \/>thickness, tools and checking tools damage and machine safety<\/p><p>Stroke adjustment, retract features automatically<\/p><p>Programmable bending fast down and return speed with slow up functions<\/p><p>WILA typ manual or motorized crowning systems with opposing wave optionally<\/p><p>Save and recall bending programs, and searching different criteria tools material<\/p><p>2 working mode, full automatically and manual<\/p><p>C frame shape linear scale holders for body deflections<br \/>compensations, and protected cross working<\/p><p>Overload alarm system electronically<\/p><p>Hydraulic maximum limit protect system with safety valve group<\/p><p>Calculations unfolded length, automatically and programmable bend order features, according to the material thickness, material type, tools features<\/p><\/li><\/ul>                        <\/div>\n                    <\/div>\n                                    <div class=\"tab-pane elementkit-tab-pane elementor-repeater-item-b8ce409 \" id=\"content-b8ce40969d0a9f6c1c11\" role=\"tabpanel\"\n                         aria-labelledby=\"content-b8ce40969d0a9f6c1c11-tab\">\n                        <div class=\"animated fadeIn\">\n                            <ul><li><p>3 axes: Y1, Y2, X axis<\/p><p>High stroke 260 mm<\/p><p>Large throat 400 mm<\/p><p>Offline software<\/p><p>Special high effiency pump for low electrical consumption<\/p><p>Original Hoerbiger Bosch Rexroth Complete sealed up hydraulic systems Germany produced with CE norms compatible<\/p><p>Schneider- Siemens etc. electrical components, with ventilations electrical cabinet<\/p><p>Stand type multi-functions control panel and foot pedal with CE norms compatible<br \/>Accurate, high accuracy, +- 0,005 mm Heidenhein or Givi optic linear scale<br \/>Heavy duty robust, cnc controlled back gauge guided with ball shaft and slide<br \/>Sliding front support arm system for support bending<br \/>Heavy duty rigid, cnc controlled back gauge<\/p><p>Complete electrical switch board and control panel for 400V AC 3 phase 50Hz<br \/>Precision +- 0,03mm servo motorized, back gauge system with driver<\/p><p>X axis stroke 750 mm<\/p><p>Back gauge speed 350mm \/second<\/p><p>Movable back gauge fingers along of bending length by manually<\/p><p>Protect covers at the side<\/p><p>Top tool clamping Promecam system<br \/>Top tools hardened, grinded standard 835mm lengths, 66,6mm (1260)-105mm (1281) ( 400 ton and over ) high<\/p><p>Bottom tools hardened, grinded standard 835 mm lengths, 60x60mm, 4 channels 16\/22\/35\/50 mm (2067)<br \/>Narrow table or wide table with T slot<br \/>CE conformity light guard rear of press category 4<\/p><\/li><\/ul>                        <\/div>\n                    <\/div>\n                                    <div class=\"tab-pane elementkit-tab-pane elementor-repeater-item-ecea635 \" id=\"content-ecea63569d0a9f6c1c11\" role=\"tabpanel\"\n                         aria-labelledby=\"content-ecea63569d0a9f6c1c11-tab\">\n                        <div class=\"animated fadeIn\">\n                            <ul><li><p>Cybelec Touch 12, 2D Grafik Dokunmatik Ekran 12\u201d Otomatik B\u00fckme S\u0131ralama optimizasyonu ve \u00e7arpma kontrol\u00fc 4 eksen offline yaz\u0131l\u0131m<\/p><p>Cybelec 15T, 2D Grafik Dokunmatik Ekran 15\u201d Otomatik B\u00fckme S\u0131ralama optimizasyonu ve \u00e7arpma kontrol\u00fc 7 eksen offline yaz\u0131l\u0131m<\/p><p>Delem 53T, Renkli 10\u2019\u2019CNC kontrol \u00fcnitesi, 4 eksen, offline yaz\u0131l\u0131m<\/p><p>Delem DA-58T, 2D Grafik Renkli 15\u2019\u2019CNC kontrol \u00fcnitesi Otomatik B\u00fckme S\u0131ralama optimizasyon ve \u00e7arpma kontrol\u00fc, 4 eksen, offline yaz\u0131l\u0131m<\/p><p>WILA manuel bombeleme sistemi<\/p><p>WILA motorlu \u2013 otomatik bombeleme sistemi<\/p><p>X,R \u2013 2 eksen arka dayama ( motorlu R ekseni)<\/p><p>Uzun X ekseni Strok-Kurs, 1000mm<\/p><p>AKAS Lazer parmak koruma CE\u2019 ye uygun (G\u00fcvenli PLC)<\/p><p>Motorlu AKAS Lazer parmak koruma CE\u2019 ye uygun (G\u00fcvenli PLC)<\/p><p>DSP Lazer parmak koruma CE\u2019 ye uygun (G\u00fcvenli PLC)<\/p><p>DFS Lazer parmak koruma<\/p><p>\u00d6n \u0131\u015f\u0131k bariyeri Tandem uygulama i\u00e7in<\/p><p>\u0130lave arka dayama dili<\/p><p>\u0130lave \u00f6n dayama kolu<\/p><p>Green Collection for energy saving<\/p><p>WILA hidrolik veya mekanik \u00fcst kal\u0131p s\u0131kma sistemi<\/p><p>WILA hidrolik veya mekanik alt kal\u0131p s\u0131kma sistemi<\/p><p>Hidrolik \u00fcst kal\u0131p s\u0131kma sistemi \u2013 Promecam<\/p><p>\u00d6zel par\u00e7a ve b\u00fck\u00fcmler i\u00e7in \u00d6zel Strok ve \u00d6zel Bo\u011faz<\/p><p>\u0130lave ayakl\u0131 k\u00fcrs\u00fc<\/p><p>T kanal<\/p><p>Ya\u011f So\u011futucu ve Ya\u011f \u0131s\u0131t\u0131c\u0131<\/p><p>\u00d6zel Renk<\/p><p>ROL1 or ROL2- ROL4 \u00fcst kal\u0131p s\u0131kma sistemleri<\/p><p>220-240V 60hz operating voltage<\/p><p>440-480V 60hz operating voltage<\/p><p>220-240V 60Hz and 440V-480V 60 Hz double operating voltage (by preliminary preparation)<\/p><\/li><\/ul>                        <\/div>\n                    <\/div>\n                            <\/div>\n        <\/div>\n    <\/div>\t\t<\/div>\n\t\t\t\t<\/div>\n\t\t\t\t\t<\/div>\n\t\t<\/div>\n\t\t\t\t\t\t\t<\/div>\n\t\t<\/section>\n\t\t\t\t<section class=\"elementor-section elementor-top-section elementor-element elementor-element-472edc8c elementor-section-boxed elementor-section-height-default elementor-section-height-default elementor-invisible\" data-id=\"472edc8c\" data-element_type=\"section\" data-settings=\"{&quot;background_background&quot;:&quot;classic&quot;,&quot;animation&quot;:&quot;fadeIn&quot;,&quot;animation_delay&quot;:200}\">\n\t\t\t\t\t\t<div class=\"elementor-container elementor-column-gap-default\">\n\t\t\t\t\t<div class=\"elementor-column elementor-col-33 elementor-top-column elementor-element elementor-element-19baedda\" data-id=\"19baedda\" data-element_type=\"column\">\n\t\t\t<div class=\"elementor-widget-wrap elementor-element-populated\">\n\t\t\t\t\t\t\t\t<div class=\"elementor-element elementor-element-5c961bc4 elementor-widget elementor-widget-heading\" data-id=\"5c961bc4\" data-element_type=\"widget\" data-widget_type=\"heading.default\">\n\t\t\t\t<div class=\"elementor-widget-container\">\n\t\t\t<h6 class=\"elementor-heading-title elementor-size-default\">TALKING TO US IS EASY<\/h6>\t\t<\/div>\n\t\t\t\t<\/div>\n\t\t\t\t\t<\/div>\n\t\t<\/div>\n\t\t\t\t<div class=\"elementor-column elementor-col-33 elementor-top-column elementor-element elementor-element-7ef73e6\" data-id=\"7ef73e6\" data-element_type=\"column\">\n\t\t\t<div class=\"elementor-widget-wrap elementor-element-populated\">\n\t\t\t\t\t\t\t\t<div class=\"elementor-element elementor-element-d9f6ac6 elementor-align-center elementor-icon-list--layout-traditional elementor-list-item-link-full_width elementor-widget elementor-widget-icon-list\" data-id=\"d9f6ac6\" data-element_type=\"widget\" data-widget_type=\"icon-list.default\">\n\t\t\t\t<div class=\"elementor-widget-container\">\n\t\t\t<link rel=\"stylesheet\" href=\"https:\/\/elei.com.tr\/elei\/wp-content\/plugins\/elementor\/assets\/css\/widget-icon-list.min.css\">\t\t<ul class=\"elementor-icon-list-items\">\n\t\t\t\t\t\t\t<li class=\"elementor-icon-list-item\">\n\t\t\t\t\t\t\t\t\t\t\t<a href=\"tel:905325915720\">\n\n\t\t\t\t\t\t\t\t\t\t\t\t<span class=\"elementor-icon-list-icon\">\n\t\t\t\t\t\t\t<i aria-hidden=\"true\" class=\"icon icon-phone1\"><\/i>\t\t\t\t\t\t<\/span>\n\t\t\t\t\t\t\t\t\t\t<span class=\"elementor-icon-list-text\">(+90) 532 591 57 20<\/span>\n\t\t\t\t\t\t\t\t\t\t\t<\/a>\n\t\t\t\t\t\t\t\t\t<\/li>\n\t\t\t\t\t\t<\/ul>\n\t\t\t\t<\/div>\n\t\t\t\t<\/div>\n\t\t\t\t\t<\/div>\n\t\t<\/div>\n\t\t\t\t<div class=\"elementor-column elementor-col-33 elementor-top-column elementor-element elementor-element-3414350\" data-id=\"3414350\" data-element_type=\"column\">\n\t\t\t<div class=\"elementor-widget-wrap elementor-element-populated\">\n\t\t\t\t\t\t\t\t<div class=\"elementor-element elementor-element-8d7caaf elementor-align-center elementor-icon-list--layout-traditional elementor-list-item-link-full_width elementor-widget elementor-widget-icon-list\" data-id=\"8d7caaf\" data-element_type=\"widget\" data-widget_type=\"icon-list.default\">\n\t\t\t\t<div class=\"elementor-widget-container\">\n\t\t\t\t\t<ul class=\"elementor-icon-list-items\">\n\t\t\t\t\t\t\t<li class=\"elementor-icon-list-item\">\n\t\t\t\t\t\t\t\t\t\t\t<a href=\"mailto:se@elei.com.tr\">\n\n\t\t\t\t\t\t\t\t\t\t\t\t<span class=\"elementor-icon-list-icon\">\n\t\t\t\t\t\t\t<i aria-hidden=\"true\" class=\"icon icon-envelope3\"><\/i>\t\t\t\t\t\t<\/span>\n\t\t\t\t\t\t\t\t\t\t<span class=\"elementor-icon-list-text\">se@elei.com.tr<\/span>\n\t\t\t\t\t\t\t\t\t\t\t<\/a>\n\t\t\t\t\t\t\t\t\t<\/li>\n\t\t\t\t\t\t<\/ul>\n\t\t\t\t<\/div>\n\t\t\t\t<\/div>\n\t\t\t\t\t<\/div>\n\t\t<\/div>\n\t\t\t\t\t\t\t<\/div>\n\t\t<\/section>\n\t\t\t\t\t\t\t<\/div>\n\t\t","protected":false},"excerpt":{"rendered":"<p>NEO 2CNC HYDRAULICPRESS BRAKE NEO 2 CNC HYDRAULIC PRESS BRAKE GENERAL FEATURES STANDARD FEATURES OPTIONAL EQUIPMENT Axes configurations, Model B press brake can configure 3 axes (Y1, Y2, X) and maximum 4 axes (Y1, Y2, X+R) or 6 axes (Y1, Y2, X+R, Z1+Z2 ) Model B controller is standard graphically 2D Cybelec Touch8 or ESA [&hellip;]<\/p>\n","protected":false},"author":2,"featured_media":0,"parent":0,"menu_order":0,"comment_status":"closed","ping_status":"closed","template":"elementor_header_footer","meta":{"footnotes":""},"class_list":["post-3068","page","type-page","status-publish","hentry"],"yoast_head":"<!-- This site is optimized with the Yoast SEO plugin v21.7 - https:\/\/yoast.com\/wordpress\/plugins\/seo\/ -->\n<title>NEO 2 CNC HYDRAULIC PRESS BRAKE - ELEI<\/title>\n<meta name=\"robots\" content=\"index, follow, max-snippet:-1, max-image-preview:large, max-video-preview:-1\" \/>\n<link rel=\"canonical\" href=\"https:\/\/elei.com.tr\/elei\/en\/neo-2-cnc-hydraulic-press-brake\/\" \/>\n<meta property=\"og:locale\" content=\"tr_TR\" \/>\n<meta property=\"og:type\" content=\"article\" \/>\n<meta property=\"og:title\" content=\"NEO 2 CNC HYDRAULIC PRESS BRAKE - ELEI\" \/>\n<meta property=\"og:description\" content=\"NEO 2CNC HYDRAULICPRESS BRAKE NEO 2 CNC HYDRAULIC PRESS BRAKE GENERAL FEATURES STANDARD FEATURES OPTIONAL EQUIPMENT Axes configurations, Model B press brake can configure 3 axes (Y1, Y2, X) and maximum 4 axes (Y1, Y2, X+R) or 6 axes (Y1, Y2, X+R, Z1+Z2 ) Model B controller is standard graphically 2D Cybelec Touch8 or ESA [&hellip;]\" \/>\n<meta property=\"og:url\" content=\"https:\/\/elei.com.tr\/elei\/en\/neo-2-cnc-hydraulic-press-brake\/\" \/>\n<meta property=\"og:site_name\" content=\"ELEI\" \/>\n<meta property=\"article:modified_time\" content=\"2024-01-04T08:57:23+00:00\" \/>\n<meta name=\"twitter:card\" content=\"summary_large_image\" \/>\n<meta name=\"twitter:label1\" content=\"Tahmini okuma s\u00fcresi\" \/>\n\t<meta name=\"twitter:data1\" content=\"5 dakika\" \/>\n<script type=\"application\/ld+json\" class=\"yoast-schema-graph\">{\"@context\":\"https:\/\/schema.org\",\"@graph\":[{\"@type\":\"WebPage\",\"@id\":\"https:\/\/elei.com.tr\/elei\/en\/neo-2-cnc-hydraulic-press-brake\/\",\"url\":\"https:\/\/elei.com.tr\/elei\/en\/neo-2-cnc-hydraulic-press-brake\/\",\"name\":\"NEO 2 CNC HYDRAULIC PRESS BRAKE - ELEI\",\"isPartOf\":{\"@id\":\"https:\/\/elei.com.tr\/elei\/#website\"},\"datePublished\":\"2023-12-19T11:57:32+00:00\",\"dateModified\":\"2024-01-04T08:57:23+00:00\",\"breadcrumb\":{\"@id\":\"https:\/\/elei.com.tr\/elei\/en\/neo-2-cnc-hydraulic-press-brake\/#breadcrumb\"},\"inLanguage\":\"tr\",\"potentialAction\":[{\"@type\":\"ReadAction\",\"target\":[\"https:\/\/elei.com.tr\/elei\/en\/neo-2-cnc-hydraulic-press-brake\/\"]}]},{\"@type\":\"BreadcrumbList\",\"@id\":\"https:\/\/elei.com.tr\/elei\/en\/neo-2-cnc-hydraulic-press-brake\/#breadcrumb\",\"itemListElement\":[{\"@type\":\"ListItem\",\"position\":1,\"name\":\"Anasayfa\",\"item\":\"https:\/\/elei.com.tr\/elei\/\"},{\"@type\":\"ListItem\",\"position\":2,\"name\":\"NEO 2 CNC HYDRAULIC PRESS BRAKE\"}]},{\"@type\":\"WebSite\",\"@id\":\"https:\/\/elei.com.tr\/elei\/#website\",\"url\":\"https:\/\/elei.com.tr\/elei\/\",\"name\":\"ELEI\",\"description\":\"MACHINE TOOLS\",\"publisher\":{\"@id\":\"https:\/\/elei.com.tr\/elei\/#organization\"},\"potentialAction\":[{\"@type\":\"SearchAction\",\"target\":{\"@type\":\"EntryPoint\",\"urlTemplate\":\"https:\/\/elei.com.tr\/elei\/?s={search_term_string}\"},\"query-input\":\"required name=search_term_string\"}],\"inLanguage\":\"tr\"},{\"@type\":\"Organization\",\"@id\":\"https:\/\/elei.com.tr\/elei\/#organization\",\"name\":\"ELEI\",\"url\":\"https:\/\/elei.com.tr\/elei\/\",\"logo\":{\"@type\":\"ImageObject\",\"inLanguage\":\"tr\",\"@id\":\"https:\/\/elei.com.tr\/elei\/#\/schema\/logo\/image\/\",\"url\":\"https:\/\/elei.com.tr\/elei\/wp-content\/uploads\/2023\/11\/elei.jpg\",\"contentUrl\":\"https:\/\/elei.com.tr\/elei\/wp-content\/uploads\/2023\/11\/elei.jpg\",\"width\":800,\"height\":444,\"caption\":\"ELEI\"},\"image\":{\"@id\":\"https:\/\/elei.com.tr\/elei\/#\/schema\/logo\/image\/\"}}]}<\/script>\n<!-- \/ Yoast SEO plugin. -->","yoast_head_json":{"title":"NEO 2 CNC HYDRAULIC PRESS BRAKE - ELEI","robots":{"index":"index","follow":"follow","max-snippet":"max-snippet:-1","max-image-preview":"max-image-preview:large","max-video-preview":"max-video-preview:-1"},"canonical":"https:\/\/elei.com.tr\/elei\/en\/neo-2-cnc-hydraulic-press-brake\/","og_locale":"tr_TR","og_type":"article","og_title":"NEO 2 CNC HYDRAULIC PRESS BRAKE - ELEI","og_description":"NEO 2CNC HYDRAULICPRESS BRAKE NEO 2 CNC HYDRAULIC PRESS BRAKE GENERAL FEATURES STANDARD FEATURES OPTIONAL EQUIPMENT Axes configurations, Model B press brake can configure 3 axes (Y1, Y2, X) and maximum 4 axes (Y1, Y2, X+R) or 6 axes (Y1, Y2, X+R, Z1+Z2 ) Model B controller is standard graphically 2D Cybelec Touch8 or ESA [&hellip;]","og_url":"https:\/\/elei.com.tr\/elei\/en\/neo-2-cnc-hydraulic-press-brake\/","og_site_name":"ELEI","article_modified_time":"2024-01-04T08:57:23+00:00","twitter_card":"summary_large_image","twitter_misc":{"Tahmini okuma s\u00fcresi":"5 dakika"},"schema":{"@context":"https:\/\/schema.org","@graph":[{"@type":"WebPage","@id":"https:\/\/elei.com.tr\/elei\/en\/neo-2-cnc-hydraulic-press-brake\/","url":"https:\/\/elei.com.tr\/elei\/en\/neo-2-cnc-hydraulic-press-brake\/","name":"NEO 2 CNC HYDRAULIC PRESS BRAKE - ELEI","isPartOf":{"@id":"https:\/\/elei.com.tr\/elei\/#website"},"datePublished":"2023-12-19T11:57:32+00:00","dateModified":"2024-01-04T08:57:23+00:00","breadcrumb":{"@id":"https:\/\/elei.com.tr\/elei\/en\/neo-2-cnc-hydraulic-press-brake\/#breadcrumb"},"inLanguage":"tr","potentialAction":[{"@type":"ReadAction","target":["https:\/\/elei.com.tr\/elei\/en\/neo-2-cnc-hydraulic-press-brake\/"]}]},{"@type":"BreadcrumbList","@id":"https:\/\/elei.com.tr\/elei\/en\/neo-2-cnc-hydraulic-press-brake\/#breadcrumb","itemListElement":[{"@type":"ListItem","position":1,"name":"Anasayfa","item":"https:\/\/elei.com.tr\/elei\/"},{"@type":"ListItem","position":2,"name":"NEO 2 CNC HYDRAULIC PRESS BRAKE"}]},{"@type":"WebSite","@id":"https:\/\/elei.com.tr\/elei\/#website","url":"https:\/\/elei.com.tr\/elei\/","name":"ELEI","description":"MACHINE TOOLS","publisher":{"@id":"https:\/\/elei.com.tr\/elei\/#organization"},"potentialAction":[{"@type":"SearchAction","target":{"@type":"EntryPoint","urlTemplate":"https:\/\/elei.com.tr\/elei\/?s={search_term_string}"},"query-input":"required name=search_term_string"}],"inLanguage":"tr"},{"@type":"Organization","@id":"https:\/\/elei.com.tr\/elei\/#organization","name":"ELEI","url":"https:\/\/elei.com.tr\/elei\/","logo":{"@type":"ImageObject","inLanguage":"tr","@id":"https:\/\/elei.com.tr\/elei\/#\/schema\/logo\/image\/","url":"https:\/\/elei.com.tr\/elei\/wp-content\/uploads\/2023\/11\/elei.jpg","contentUrl":"https:\/\/elei.com.tr\/elei\/wp-content\/uploads\/2023\/11\/elei.jpg","width":800,"height":444,"caption":"ELEI"},"image":{"@id":"https:\/\/elei.com.tr\/elei\/#\/schema\/logo\/image\/"}}]}},"_links":{"self":[{"href":"https:\/\/elei.com.tr\/elei\/wp-json\/wp\/v2\/pages\/3068","targetHints":{"allow":["GET"]}}],"collection":[{"href":"https:\/\/elei.com.tr\/elei\/wp-json\/wp\/v2\/pages"}],"about":[{"href":"https:\/\/elei.com.tr\/elei\/wp-json\/wp\/v2\/types\/page"}],"author":[{"embeddable":true,"href":"https:\/\/elei.com.tr\/elei\/wp-json\/wp\/v2\/users\/2"}],"replies":[{"embeddable":true,"href":"https:\/\/elei.com.tr\/elei\/wp-json\/wp\/v2\/comments?post=3068"}],"version-history":[{"count":3,"href":"https:\/\/elei.com.tr\/elei\/wp-json\/wp\/v2\/pages\/3068\/revisions"}],"predecessor-version":[{"id":3216,"href":"https:\/\/elei.com.tr\/elei\/wp-json\/wp\/v2\/pages\/3068\/revisions\/3216"}],"wp:attachment":[{"href":"https:\/\/elei.com.tr\/elei\/wp-json\/wp\/v2\/media?parent=3068"}],"curies":[{"name":"wp","href":"https:\/\/api.w.org\/{rel}","templated":true}]}}